{"id":2,"date":"2020-12-17T08:30:27","date_gmt":"2020-12-17T08:30:27","guid":{"rendered":"http:\/\/heategevus.org\/?page_id=2"},"modified":"2025-12-01T13:25:20","modified_gmt":"2025-12-01T11:25:20","slug":"avaleht","status":"publish","type":"page","link":"https:\/\/heategevus.org\/","title":{"rendered":"Heategevus\u00fching Leib MT\u00dc"},"content":{"rendered":"\n<p>T\u00e4name, et j\u00f5udsite meie lehele. P\u00fc\u00fcame k\u00f5iki s\u00f5pru ja heategijaid kaasates aidata neid abivajajaid, kellel pole piisavalt s\u00fc\u00fca. Kui soovid meiega \u00fchineda, siis palun kontakteeru.<\/p>\n\n\n\n<blockquote class=\"wp-block-quote is-style-default is-layout-flow wp-block-quote-is-layout-flow\">\n<p>Parim heategevus on salajane heategevus, parim kannatlikkus on salajane kannatlikkus<\/p>\n<cite><em>Saksa vanas\u00f5na<\/em><\/cite><\/blockquote>\n\n\n\n<p>Palutakse alati seletada, keda toetate jne. See meie puhul ei toimi. <br>Me oleme kokad, reaalsed pannide ja padade taga &#8211; kokad.<br>Anname s\u00fc\u00fca, Annale, Aleksandrile, Dimale, Jekaterinale, Kaarlile, Marekile, Niinale, jne. 1000-le veel.<\/p>\n\n\n\n<p>Teeme parima, et nad oleks k\u00f5ik toidetud. Samas veel, et nad saaksid ka esimese toiduvalmistamise kogemuse.<\/p>\n\n\n\n<p>Me anname k\u00fcll kala, kuid ehk ka esimese \u00f5nge &#8230;<\/p>\n\n\n\n<p>Heategevus\u00fching Leib MT\u00dc<br>Reg. nr. 80272534<br>EE357700771005599926<br><a href=\"mailto:leib@heategevus.org\">leib@heategevus.org<\/a><\/p>\n\n\n\n<p>Teie kokk ja giid sellel teel.<br>Kirjuta v\u00f5i helista 5132999<\/p>\n\n\n<div class=\"wp-block-image\">\n<figure class=\"alignleft size-large is-resized\"><a href=\"https:\/\/scs.ee\/\"><img loading=\"lazy\" decoding=\"async\" width=\"1024\" height=\"524\" src=\"https:\/\/heategevus.org\/wp-content\/uploads\/2023\/01\/SCS_logo_2-1024x524.png\" alt=\"\" class=\"wp-image-58\" style=\"aspect-ratio:1.9420289855072463;width:159px;height:auto\" srcset=\"https:\/\/heategevus.org\/wp-content\/uploads\/2023\/01\/SCS_logo_2-1024x524.png 1024w, https:\/\/heategevus.org\/wp-content\/uploads\/2023\/01\/SCS_logo_2-300x153.png 300w, https:\/\/heategevus.org\/wp-content\/uploads\/2023\/01\/SCS_logo_2-768x393.png 768w, https:\/\/heategevus.org\/wp-content\/uploads\/2023\/01\/SCS_logo_2-1536x786.png 1536w, https:\/\/heategevus.org\/wp-content\/uploads\/2023\/01\/SCS_logo_2-2048x1048.png 2048w, https:\/\/heategevus.org\/wp-content\/uploads\/2023\/01\/SCS_logo_2-1568x802.png 1568w\" sizes=\"auto, (max-width: 1024px) 100vw, 1024px\" \/><\/a><figcaption class=\"wp-element-caption\">Poola transport<\/figcaption><\/figure>\n<\/div>\n\n<div class=\"wp-block-image\">\n<figure class=\"alignleft size-large is-resized\"><a href=\"https:\/\/giid.eu\"><img decoding=\"async\" src=\"https:\/\/sam.scs.ee\/VVV_logo.png\" alt=\"\" style=\"width:88px;height:auto\"\/><\/a><figcaption class=\"wp-element-caption\">Tallinna Giid<\/figcaption><\/figure>\n<\/div>\n\n\n<p><\/p>\n","protected":false},"excerpt":{"rendered":"<p>T\u00e4name, et j\u00f5udsite meie lehele. P\u00fc\u00fcame k\u00f5iki s\u00f5pru ja heategijaid kaasates aidata neid abivajajaid, kellel pole piisavalt s\u00fc\u00fca. Kui soovid meiega \u00fchineda, siis palun kontakteeru. Parim heategevus on salajane heategevus, parim kannatlikkus on salajane kannatlikkus Saksa vanas\u00f5na Palutakse alati seletada, keda toetate jne. See meie puhul ei toimi. Me oleme kokad, reaalsed pannide ja padade&hellip; <a class=\"more-link\" href=\"https:\/\/heategevus.org\/\">Continue reading <span class=\"screen-reader-text\">Heategevus\u00fching Leib MT\u00dc<\/span><\/a><\/p>\n","protected":false},"author":1,"featured_media":0,"parent":0,"menu_order":0,"comment_status":"closed","ping_status":"open","template":"","meta":{"footnotes":""},"class_list":["post-2","page","type-page","status-publish","hentry","entry"],"_links":{"self":[{"href":"https:\/\/heategevus.org\/index.php\/wp-json\/wp\/v2\/pages\/2","targetHints":{"allow":["GET"]}}],"collection":[{"href":"https:\/\/heategevus.org\/index.php\/wp-json\/wp\/v2\/pages"}],"about":[{"href":"https:\/\/heategevus.org\/index.php\/wp-json\/wp\/v2\/types\/page"}],"author":[{"embeddable":true,"href":"https:\/\/heategevus.org\/index.php\/wp-json\/wp\/v2\/users\/1"}],"replies":[{"embeddable":true,"href":"https:\/\/heategevus.org\/index.php\/wp-json\/wp\/v2\/comments?post=2"}],"version-history":[{"count":24,"href":"https:\/\/heategevus.org\/index.php\/wp-json\/wp\/v2\/pages\/2\/revisions"}],"predecessor-version":[{"id":63,"href":"https:\/\/heategevus.org\/index.php\/wp-json\/wp\/v2\/pages\/2\/revisions\/63"}],"wp:attachment":[{"href":"https:\/\/heategevus.org\/index.php\/wp-json\/wp\/v2\/media?parent=2"}],"curies":[{"name":"wp","href":"https:\/\/api.w.org\/{rel}","templated":true}]}}